{"id":19,"date":"2012-04-11T17:30:28","date_gmt":"2012-04-11T17:30:28","guid":{"rendered":"http:\/\/www.vlasyakvetystudenka.cz\/wp\/?page_id=19"},"modified":"2013-04-23T10:35:40","modified_gmt":"2013-04-23T10:35:40","slug":"nova-vytvorena-mnou-2","status":"publish","type":"page","link":"http:\/\/www.vlasyakvetystudenka.cz\/wp\/?page_id=19","title":{"rendered":"Jin\u00e9 zbo\u017e\u00ed ne\u017e kv\u011btiny"},"content":{"rendered":"<hr \/>\n<p><a href=\"http:\/\/www.vlasyakvetystudenka.cz\/wp\/wp-content\/uploads\/2012\/04\/kvet-spec-nabidka-pozadi.jpg\"><img loading=\"lazy\" class=\"aligncenter size-full wp-image-629\" title=\"kvet-spec-nabidka-pozadi\" src=\"http:\/\/www.vlasyakvetystudenka.cz\/wp\/wp-content\/uploads\/2012\/04\/kvet-spec-nabidka-pozadi.jpg\" alt=\"\" width=\"500\" height=\"200\" srcset=\"http:\/\/www.vlasyakvetystudenka.cz\/wp\/wp-content\/uploads\/2012\/04\/kvet-spec-nabidka-pozadi.jpg 500w, http:\/\/www.vlasyakvetystudenka.cz\/wp\/wp-content\/uploads\/2012\/04\/kvet-spec-nabidka-pozadi-300x120.jpg 300w\" sizes=\"(max-width: 500px) 100vw, 500px\" \/><\/a><\/p>\n<hr \/>\n<p style=\"text-align: center;\">V na\u0161em KV\u011aTIN\u00c1\u0158STV\u00cd nab\u00edz\u00edme mimo v\u0161eho co je spojeno se zahradou a kv\u011btinami nap\u0159\u00edklad:<\/p>\n<ul>\n<li style=\"text-align: center;\">V\u00cdNO<\/li>\n<li style=\"text-align: center;\">D\u00c1RKOV\u00c9 P\u0158EDM\u011aTY<\/li>\n<\/ul>\n<hr \/>\n","protected":false},"excerpt":{"rendered":"<p>V na\u0161em KV\u011aTIN\u00c1\u0158STV\u00cd nab\u00edz\u00edme mimo v\u0161eho co je spojeno se zahradou a kv\u011btinami nap\u0159\u00edklad: V\u00cdNO D\u00c1RKOV\u00c9 P\u0158EDM\u011aTY<\/p>\n","protected":false},"author":1,"featured_media":644,"parent":2,"menu_order":0,"comment_status":"closed","ping_status":"open","template":"","meta":[],"_links":{"self":[{"href":"http:\/\/www.vlasyakvetystudenka.cz\/wp\/index.php?rest_route=\/wp\/v2\/pages\/19"}],"collection":[{"href":"http:\/\/www.vlasyakvetystudenka.cz\/wp\/index.php?rest_route=\/wp\/v2\/pages"}],"about":[{"href":"http:\/\/www.vlasyakvetystudenka.cz\/wp\/index.php?rest_route=\/wp\/v2\/types\/page"}],"author":[{"embeddable":true,"href":"http:\/\/www.vlasyakvetystudenka.cz\/wp\/index.php?rest_route=\/wp\/v2\/users\/1"}],"replies":[{"embeddable":true,"href":"http:\/\/www.vlasyakvetystudenka.cz\/wp\/index.php?rest_route=%2Fwp%2Fv2%2Fcomments&post=19"}],"version-history":[{"count":8,"href":"http:\/\/www.vlasyakvetystudenka.cz\/wp\/index.php?rest_route=\/wp\/v2\/pages\/19\/revisions"}],"predecessor-version":[{"id":645,"href":"http:\/\/www.vlasyakvetystudenka.cz\/wp\/index.php?rest_route=\/wp\/v2\/pages\/19\/revisions\/645"}],"up":[{"embeddable":true,"href":"http:\/\/www.vlasyakvetystudenka.cz\/wp\/index.php?rest_route=\/wp\/v2\/pages\/2"}],"wp:featuredmedia":[{"embeddable":true,"href":"http:\/\/www.vlasyakvetystudenka.cz\/wp\/index.php?rest_route=\/wp\/v2\/media\/644"}],"wp:attachment":[{"href":"http:\/\/www.vlasyakvetystudenka.cz\/wp\/index.php?rest_route=%2Fwp%2Fv2%2Fmedia&parent=19"}],"curies":[{"name":"wp","href":"https:\/\/api.w.org\/{rel}","templated":true}]}}