{"id":2,"date":"2012-04-10T18:49:42","date_gmt":"2012-04-10T18:49:42","guid":{"rendered":"http:\/\/www.vlasyakvetystudenka.cz\/wp\/?page_id=2"},"modified":"2020-11-13T13:54:22","modified_gmt":"2020-11-13T13:54:22","slug":"zkusebni-stranka","status":"publish","type":"page","link":"http:\/\/www.vlasyakvetystudenka.cz\/wp\/?page_id=2","title":{"rendered":"KV\u011aTIN\u00c1\u0158STV\u00cd"},"content":{"rendered":"<hr \/>\n<p style=\"text-align: center;\"><a href=\"http:\/\/www.vlasyakvetystudenka.cz\/wp\/wp-content\/uploads\/2012\/04\/kvetinarstvi-pozadi.jpg\"><img loading=\"lazy\" class=\"aligncenter size-full wp-image-624\" title=\"kvetinarstvi-pozadi\" src=\"http:\/\/www.vlasyakvetystudenka.cz\/wp\/wp-content\/uploads\/2012\/04\/kvetinarstvi-pozadi.jpg\" alt=\"\" width=\"500\" height=\"200\" srcset=\"http:\/\/www.vlasyakvetystudenka.cz\/wp\/wp-content\/uploads\/2012\/04\/kvetinarstvi-pozadi.jpg 500w, http:\/\/www.vlasyakvetystudenka.cz\/wp\/wp-content\/uploads\/2012\/04\/kvetinarstvi-pozadi-300x120.jpg 300w\" sizes=\"(max-width: 500px) 100vw, 500px\" \/><\/a><\/p>\n<hr \/>\n<p style=\"text-align: center;\"><span style=\"font-size: 14px;\"><strong>PROV\u00c1D\u00cdME TYTO SLU\u017dBY:<\/strong><\/span><\/p>\n<ul>\n<li style=\"text-align: center;\"><span style=\"font-size: 14px;\">vazby ze \u017eiv\u00fdch kv\u011btin<\/span><\/li>\n<li style=\"text-align: center;\"><span style=\"font-size: 14px;\">netradi\u010dn\u00ed kytice (z klob\u00e1s, l\u00edzatek, bonb\u00f3n\u016f)<\/span><\/li>\n<li style=\"text-align: center;\"><span style=\"font-size: 14px;\">dekorace ze su\u0161en\u00fdch kv\u011btin<\/span><\/li>\n<li style=\"text-align: center;\"><span style=\"font-size: 14px;\">svatebn\u00ed servis (kytice, korz\u00e1\u017ee, vazby na auto, v\u00fdzdoba stol\u016f)<\/span><\/li>\n<li style=\"text-align: center;\"><span style=\"font-size: 14px;\">du\u0161i\u010dkov\u00e9 vazby<\/span><\/li>\n<li style=\"text-align: center;\"><span style=\"font-size: 14px;\">v\u00e1no\u010dn\u00ed dekorace<\/span><\/li>\n<li style=\"text-align: center;\"><span style=\"font-size: 14px;\">hrnkov\u00e9 kv\u011btiny<\/span><\/li>\n<li style=\"text-align: center;\"><span style=\"font-size: 14px;\">don\u00e1\u0161kov\u00e1 slu\u017eba<\/span><\/li>\n<\/ul>\n<hr \/>\n<div id=\"layer10\" style=\"text-align: center;\"><span style=\"font-size: 14px;\"><strong>D\u00c1RKOV\u00c9 POUKAZY:<\/strong><\/span><\/div>\n<div style=\"text-align: center;\"><\/div>\n<div style=\"text-align: center;\"><span style=\"font-size: 14px;\">Nab\u00edz\u00edme\u00a0\u00a0 V\u00e1m\u00a0\u00a0 mo\u017enost\u00a0\u00a0\u00a0 zakoupit<strong>\u00a0\u00a0 <\/strong>d\u00e1rkov\u00e9 poukazky.\u00a0\u00a0 Dejte\u00a0\u00a0 Va\u0161im\u00a0\u00a0\u00a0 blizk\u00fdm a\u00a0 zn\u00e1m\u00fdm\u00a0 d\u00e1rek\u00a0 k\u00a0\u00a0 narozenin\u00e1m\u00a0 nebo\u00a0 sv\u00e1tku, kter\u00fd pot\u011b\u0161\u00ed.<\/span><\/div>\n<div style=\"text-align: center;\">\n<hr \/>\n<\/div>\n<p style=\"text-align: center;\"><span style=\"font-size: 14px;\">\u00a0 <strong>CEN\u00cdK:<\/strong><\/span><\/p>\n<div style=\"text-align: center;\"><span style=\"font-size: 14px;\">Celkov\u00e1 cena, v\u00fdrobku a slu\u017eeb je odvozena od ceny materi\u00e1lu (zejm\u00e9na pak ceny kytic v\u011bt\u0161inou v z\u00e1vislosti na dan\u00e9m ro\u010dn\u00edm obdob\u00ed)M\u00e1me velice dobrou cenovou nab\u00eddku.<\/span><\/div>\n<div style=\"text-align: center;\"><\/div>\n<div style=\"text-align: center;\">\n<hr \/>\n<\/div>\n<div style=\"text-align: center;\"><\/div>\n<div style=\"text-align: center;\"><span style=\"font-size: 14px;\">P\u0159i v\u011bt\u0161\u00edm odb\u011bru, individu\u00e1ln\u00ed domluva o cen\u011b<\/span><\/div>\n<div style=\"text-align: center;\">\n<hr \/>\n<\/div>\n","protected":false},"excerpt":{"rendered":"<p>PROV\u00c1D\u00cdME TYTO SLU\u017dBY: vazby ze \u017eiv\u00fdch kv\u011btin netradi\u010dn\u00ed kytice (z klob\u00e1s, l\u00edzatek, bonb\u00f3n\u016f) dekorace ze su\u0161en\u00fdch kv\u011btin svatebn\u00ed servis (kytice, korz\u00e1\u017ee, vazby na auto, v\u00fdzdoba stol\u016f) du\u0161i\u010dkov\u00e9 vazby v\u00e1no\u010dn\u00ed dekorace hrnkov\u00e9 kv\u011btiny don\u00e1\u0161kov\u00e1 slu\u017eba D\u00c1RKOV\u00c9 POUKAZY: Nab\u00edz\u00edme\u00a0\u00a0 V\u00e1m\u00a0\u00a0 mo\u017enost\u00a0\u00a0\u00a0 zakoupit\u00a0\u00a0 &hellip; <a href=\"http:\/\/www.vlasyakvetystudenka.cz\/wp\/?page_id=2\">Continue reading <span class=\"meta-nav\">&rarr;<\/span><\/a><\/p>\n","protected":false},"author":1,"featured_media":640,"parent":0,"menu_order":0,"comment_status":"closed","ping_status":"closed","template":"","meta":[],"_links":{"self":[{"href":"http:\/\/www.vlasyakvetystudenka.cz\/wp\/index.php?rest_route=\/wp\/v2\/pages\/2"}],"collection":[{"href":"http:\/\/www.vlasyakvetystudenka.cz\/wp\/index.php?rest_route=\/wp\/v2\/pages"}],"about":[{"href":"http:\/\/www.vlasyakvetystudenka.cz\/wp\/index.php?rest_route=\/wp\/v2\/types\/page"}],"author":[{"embeddable":true,"href":"http:\/\/www.vlasyakvetystudenka.cz\/wp\/index.php?rest_route=\/wp\/v2\/users\/1"}],"replies":[{"embeddable":true,"href":"http:\/\/www.vlasyakvetystudenka.cz\/wp\/index.php?rest_route=%2Fwp%2Fv2%2Fcomments&post=2"}],"version-history":[{"count":38,"href":"http:\/\/www.vlasyakvetystudenka.cz\/wp\/index.php?rest_route=\/wp\/v2\/pages\/2\/revisions"}],"predecessor-version":[{"id":805,"href":"http:\/\/www.vlasyakvetystudenka.cz\/wp\/index.php?rest_route=\/wp\/v2\/pages\/2\/revisions\/805"}],"wp:featuredmedia":[{"embeddable":true,"href":"http:\/\/www.vlasyakvetystudenka.cz\/wp\/index.php?rest_route=\/wp\/v2\/media\/640"}],"wp:attachment":[{"href":"http:\/\/www.vlasyakvetystudenka.cz\/wp\/index.php?rest_route=%2Fwp%2Fv2%2Fmedia&parent=2"}],"curies":[{"name":"wp","href":"https:\/\/api.w.org\/{rel}","templated":true}]}}