{"id":22,"date":"2012-04-11T17:31:03","date_gmt":"2012-04-11T17:31:03","guid":{"rendered":"http:\/\/www.vlasyakvetystudenka.cz\/wp\/?page_id=22"},"modified":"2020-11-13T12:00:04","modified_gmt":"2020-11-13T12:00:04","slug":"nova-vytvorena-mnou-3","status":"publish","type":"page","link":"http:\/\/www.vlasyakvetystudenka.cz\/wp\/?page_id=22","title":{"rendered":"Mapa"},"content":{"rendered":"<hr \/>\n<p><strong>&#8230;..najd\u011bte n\u00e1s snadn\u011bji s pomoc\u00ed t\u00e9hle mapy &#8211; odkazu, na adrese:<\/strong><\/p>\n<p style=\"text-align: center;\"><strong>2.kv\u011btna 903, 742 13 STUD\u00c9NKA<\/strong><\/p>\n<p style=\"text-align: center;\"><a href=\"https:\/\/mapy.cz\/s\/furepazaza\">https:\/\/mapy.cz\/s\/furepazaza<\/a><strong><a href=\"http:\/\/www.vlasyakvetystudenka.cz\/wp\/wp-content\/uploads\/2012\/04\/budova1.jpg\"><img loading=\"lazy\" class=\"aligncenter size-full wp-image-557\" title=\"budova1\" src=\"http:\/\/www.vlasyakvetystudenka.cz\/wp\/wp-content\/uploads\/2012\/04\/budova1.jpg\" alt=\"\" width=\"500\" height=\"375\" srcset=\"http:\/\/www.vlasyakvetystudenka.cz\/wp\/wp-content\/uploads\/2012\/04\/budova1.jpg 500w, http:\/\/www.vlasyakvetystudenka.cz\/wp\/wp-content\/uploads\/2012\/04\/budova1-300x225.jpg 300w\" sizes=\"(max-width: 500px) 100vw, 500px\" \/><\/a><\/strong><\/p>\n<hr \/>\n\n\n<p><\/p>\n","protected":false},"excerpt":{"rendered":"<p>&#8230;..najd\u011bte n\u00e1s snadn\u011bji s pomoc\u00ed t\u00e9hle mapy &#8211; odkazu, na adrese: 2.kv\u011btna 903, 742 13 STUD\u00c9NKA https:\/\/mapy.cz\/s\/furepazaza<\/p>\n","protected":false},"author":1,"featured_media":646,"parent":0,"menu_order":0,"comment_status":"closed","ping_status":"open","template":"","meta":[],"_links":{"self":[{"href":"http:\/\/www.vlasyakvetystudenka.cz\/wp\/index.php?rest_route=\/wp\/v2\/pages\/22"}],"collection":[{"href":"http:\/\/www.vlasyakvetystudenka.cz\/wp\/index.php?rest_route=\/wp\/v2\/pages"}],"about":[{"href":"http:\/\/www.vlasyakvetystudenka.cz\/wp\/index.php?rest_route=\/wp\/v2\/types\/page"}],"author":[{"embeddable":true,"href":"http:\/\/www.vlasyakvetystudenka.cz\/wp\/index.php?rest_route=\/wp\/v2\/users\/1"}],"replies":[{"embeddable":true,"href":"http:\/\/www.vlasyakvetystudenka.cz\/wp\/index.php?rest_route=%2Fwp%2Fv2%2Fcomments&post=22"}],"version-history":[{"count":27,"href":"http:\/\/www.vlasyakvetystudenka.cz\/wp\/index.php?rest_route=\/wp\/v2\/pages\/22\/revisions"}],"predecessor-version":[{"id":801,"href":"http:\/\/www.vlasyakvetystudenka.cz\/wp\/index.php?rest_route=\/wp\/v2\/pages\/22\/revisions\/801"}],"wp:featuredmedia":[{"embeddable":true,"href":"http:\/\/www.vlasyakvetystudenka.cz\/wp\/index.php?rest_route=\/wp\/v2\/media\/646"}],"wp:attachment":[{"href":"http:\/\/www.vlasyakvetystudenka.cz\/wp\/index.php?rest_route=%2Fwp%2Fv2%2Fmedia&parent=22"}],"curies":[{"name":"wp","href":"https:\/\/api.w.org\/{rel}","templated":true}]}}