{"id":28,"date":"2012-04-11T17:31:40","date_gmt":"2012-04-11T17:31:40","guid":{"rendered":"http:\/\/www.vlasyakvetystudenka.cz\/wp\/?page_id=28"},"modified":"2022-01-29T13:34:52","modified_gmt":"2022-01-29T13:34:52","slug":"nova-vytvorena-mnou-6","status":"publish","type":"page","link":"http:\/\/www.vlasyakvetystudenka.cz\/wp\/?page_id=28","title":{"rendered":"KADE\u0158NICTV\u00cd"},"content":{"rendered":"<div id=\"layer8\">\n<hr \/>\n<p style=\"text-align: center;\"><a href=\"http:\/\/www.vlasyakvetystudenka.cz\/wp\/wp-content\/uploads\/2012\/04\/kadernictvi-pozadi3.jpg\"><img loading=\"lazy\" class=\"aligncenter size-full wp-image-615\" title=\"kadernictvi-pozadi\" src=\"http:\/\/www.vlasyakvetystudenka.cz\/wp\/wp-content\/uploads\/2012\/04\/kadernictvi-pozadi3.jpg\" alt=\"\" width=\"500\" height=\"200\" srcset=\"http:\/\/www.vlasyakvetystudenka.cz\/wp\/wp-content\/uploads\/2012\/04\/kadernictvi-pozadi3.jpg 500w, http:\/\/www.vlasyakvetystudenka.cz\/wp\/wp-content\/uploads\/2012\/04\/kadernictvi-pozadi3-300x120.jpg 300w\" sizes=\"(max-width: 500px) 100vw, 500px\" \/><\/a><\/p>\n<\/div>\n<div>\n<hr \/>\n<p style=\"text-align: center;\"><span style=\"font-size: 14px;\"><strong>PRACOVN\u00cd DOBA:<\/strong><\/span><\/p>\n<p style=\"text-align: center;\"><span style=\"font-size: 14px;\">Jeliko\u017e kade\u0159nick\u00e9 slu\u017eby prov\u00e1d\u00edm pouze po tel. objedn\u00e1n\u00ed, je pracovn\u00ed doba pouze orienta\u010dn\u00ed a\u00a0 je-li to mo\u017en\u00e9 p\u0159izp\u016fsob\u00edme se p\u0159\u00e1n\u00ed zakazn\u00edka.<\/span><\/p>\n<hr \/>\n<p style=\"text-align: center;\"><span style=\"font-size: 14px;\"><strong>PROV\u00c1D\u00cdME TYTO SLU\u017dBY:<\/strong><\/span><\/p>\n<ul>\n<li style=\"text-align: center;\"><span style=\"font-size: 14px;\">m\u00f3dn\u00ed st\u0159ihy<\/span><\/li>\n<li style=\"text-align: center;\"><span style=\"font-size: 14px;\">barven\u00ed, mel\u00edry, p\u0159elivy<\/span><\/li>\n<li style=\"text-align: center;\"><span style=\"font-size: 14px;\">trval\u00e1 ondulace (klasick\u00e1, objemov\u00e1)<\/span><\/li>\n<li style=\"text-align: center;\"><span style=\"font-size: 14px;\">spole\u010densk\u00e9, svatebn\u00ed \u00fa\u010desy<\/span><\/li>\n<li style=\"text-align: center;\"><span style=\"font-size: 14px;\">\u017eehlen\u00ed vlas\u016f<\/span><\/li>\n<li style=\"text-align: center;\"><span style=\"font-size: 14px;\">prodej vlasov\u00e9 kosmetiky<\/span><\/li>\n<li style=\"text-align: center;\"><a title=\"keratin BEOX\" href=\"http:\/\/www.vlasyakvetystudenka.cz\/wp\/?page_id=24\"><span style=\"font-size: 14px;\">speci\u00e1ln\u00ed nab\u00eddka<\/span><\/a><\/li>\n<\/ul>\n<hr \/>\n<div id=\"layer10\" style=\"text-align: center;\"><span style=\"font-size: 14px;\"><strong>D\u00c1RKOV\u00c9 POUKAZY:<\/strong><\/span><\/div>\n<div style=\"text-align: center;\"><\/div>\n<div style=\"text-align: center;\"><span style=\"font-size: 14px;\">Nab\u00edz\u00edme\u00a0\u00a0 V\u00e1m\u00a0\u00a0 mo\u017enost\u00a0\u00a0\u00a0 zakoupit<strong>\u00a0\u00a0 <\/strong>d\u00e1rkov\u00e9 poukazky.\u00a0\u00a0 Dejte\u00a0\u00a0 Va\u0161im\u00a0\u00a0\u00a0 blizk\u00fdm a\u00a0 zn\u00e1m\u00fdm\u00a0 d\u00e1rek\u00a0 k\u00a0\u00a0 narozenin\u00e1m\u00a0 nebo\u00a0 sv\u00e1tku, kter\u00fd pot\u011b\u0161\u00ed.<\/span><\/div>\n<hr \/>\n<\/div>\n<div id=\"layer8\" style=\"text-align: center;\"><span style=\"font-size: 14px;\">\u00a0<strong>CEN\u00cdK:<\/strong><\/span><\/div>\n<div style=\"text-align: center;\"><span style=\"font-size: 14px;\">ST\u0158IH+FOUK\u00c1N\u00cd:<\/span><\/div>\n<div style=\"text-align: center;\"><span style=\"font-size: 14px;\">od\u00a0 320,-K\u010d<\/span><\/div>\n<div style=\"text-align: center;\"><span style=\"font-size: 14px;\">MEL\u00cdRY+ST\u0158IH+FOUK\u00c1N\u00cd:<\/span><\/div>\n<div style=\"text-align: center;\"><span style=\"font-size: 14px;\">od\u00a0 620,-K\u010d<\/span><br \/>\n<span style=\"font-size: 14px;\"> BARVEN\u00cd+ST\u0158IH+FOUK\u00c1N\u00cd:<\/span><\/div>\n<div style=\"text-align: center;\"><span style=\"font-size: 14px;\">od\u00a0 580,-K\u010d<\/span><br \/>\n<span style=\"font-size: 14px;\"> KOMBINOVAN\u00c9 BARVEN\u00cd S MEL\u00cdREM+ST\u0158IH+FOUK\u00c1N\u00cd: <\/span><\/div>\n<div style=\"text-align: center;\"><span style=\"font-size: 14px;\">od\u00a0 680,-K\u010d<\/span><span style=\"font-size: 14px;\"><strong><br \/>\n<\/strong> <\/span><\/div>\n<div style=\"text-align: left;\">\n<hr \/>\n<\/div>\n<div style=\"text-align: center;\"><span style=\"font-size: 18px;\"><span style=\"font-size: 14px;\">P\u0159i barven\u00ed \u0161\u00e1lek k\u00e1vy zdarma<\/span><\/span><\/div>\n<div style=\"text-align: center;\">\n<hr \/>\n<p><span style=\"font-size: 18px;\"><strong>\u00a0<\/strong><\/span><\/p>\n<\/div>\n","protected":false},"excerpt":{"rendered":"<p>PRACOVN\u00cd DOBA: Jeliko\u017e kade\u0159nick\u00e9 slu\u017eby prov\u00e1d\u00edm pouze po tel. objedn\u00e1n\u00ed, je pracovn\u00ed doba pouze orienta\u010dn\u00ed a\u00a0 je-li to mo\u017en\u00e9 p\u0159izp\u016fsob\u00edme se p\u0159\u00e1n\u00ed zakazn\u00edka. PROV\u00c1D\u00cdME TYTO SLU\u017dBY: m\u00f3dn\u00ed st\u0159ihy barven\u00ed, mel\u00edry, p\u0159elivy trval\u00e1 ondulace (klasick\u00e1, objemov\u00e1) spole\u010densk\u00e9, svatebn\u00ed \u00fa\u010desy \u017eehlen\u00ed vlas\u016f &hellip; <a href=\"http:\/\/www.vlasyakvetystudenka.cz\/wp\/?page_id=28\">Continue reading <span class=\"meta-nav\">&rarr;<\/span><\/a><\/p>\n","protected":false},"author":1,"featured_media":635,"parent":0,"menu_order":0,"comment_status":"closed","ping_status":"closed","template":"","meta":[],"_links":{"self":[{"href":"http:\/\/www.vlasyakvetystudenka.cz\/wp\/index.php?rest_route=\/wp\/v2\/pages\/28"}],"collection":[{"href":"http:\/\/www.vlasyakvetystudenka.cz\/wp\/index.php?rest_route=\/wp\/v2\/pages"}],"about":[{"href":"http:\/\/www.vlasyakvetystudenka.cz\/wp\/index.php?rest_route=\/wp\/v2\/types\/page"}],"author":[{"embeddable":true,"href":"http:\/\/www.vlasyakvetystudenka.cz\/wp\/index.php?rest_route=\/wp\/v2\/users\/1"}],"replies":[{"embeddable":true,"href":"http:\/\/www.vlasyakvetystudenka.cz\/wp\/index.php?rest_route=%2Fwp%2Fv2%2Fcomments&post=28"}],"version-history":[{"count":68,"href":"http:\/\/www.vlasyakvetystudenka.cz\/wp\/index.php?rest_route=\/wp\/v2\/pages\/28\/revisions"}],"predecessor-version":[{"id":807,"href":"http:\/\/www.vlasyakvetystudenka.cz\/wp\/index.php?rest_route=\/wp\/v2\/pages\/28\/revisions\/807"}],"wp:featuredmedia":[{"embeddable":true,"href":"http:\/\/www.vlasyakvetystudenka.cz\/wp\/index.php?rest_route=\/wp\/v2\/media\/635"}],"wp:attachment":[{"href":"http:\/\/www.vlasyakvetystudenka.cz\/wp\/index.php?rest_route=%2Fwp%2Fv2%2Fmedia&parent=28"}],"curies":[{"name":"wp","href":"https:\/\/api.w.org\/{rel}","templated":true}]}}